{"id":211,"date":"2021-02-08T19:06:50","date_gmt":"2021-02-08T19:06:50","guid":{"rendered":"https:\/\/bergensee.at\/?page_id=211"},"modified":"2021-03-07T10:32:56","modified_gmt":"2021-03-07T10:32:56","slug":"aktivitaeten","status":"publish","type":"page","link":"https:\/\/bergensee.at\/?page_id=211","title":{"rendered":"Aktivit\u00e4ten"},"content":{"rendered":"\n<p id=\"block-be241542-04d7-4c99-a693-8f58f5b716d3\">Im Winter bietet das angrenzende Skigebiet auf der Gerlitzen beste M\u00f6glichkeiten f\u00fcr Skifahrer, Snowboarder, Rodler und Winterwanderer. 10 Gehminuten von der Ferienwohnung entfernt befindet sich die Talstation der Kanzelbahn, welche die Wintersportler innerhalb weniger Minuten auf die Gerlitzen (1.911 m) bef\u00f6rdert. In diesem Skigebiet kommen sowohl ge\u00fcbte Wintersportler als auch Anf\u00e4nger auf ihre Kosten, denn das Gebiet gilt als schneesicher und verf\u00fcgt stets \u00fcber ausgezeichnet pr\u00e4parierte Pisten. An der Talstation k\u00f6nnen Wintersportger\u00e4te ausgeliehen und Ski- und Snowboardkurse gebucht werden.<\/p>\n\n\n\n<p><strong>Weitere m\u00f6gliche Aktivit\u00e4ten im Winter: <\/strong>Skifahren in Bad Kleinkirchheim, in Italien oder Slowenien; Schneeschuhwandern und Rodeln auf der Gerlitzen ; Eislaufen in Villach oder auf dem Wei\u00dfensee<\/p>\n\n\n\n<p>Noch mehr Ideen finden Sie in der Winter- K\u00e4rnten- Card   <a href=\"http:\/\/www.kaerntencard.at\/winter\/\">www.kaerntencard.at\/winter\/<\/a><\/p>\n\n\n\n<p id=\"block-820497f7-7a7c-40a7-9014-3ba5f5904eac\">Im Fr\u00fchling, Sommer und Herbst eignet sich die angrenzende Berglandschaft f\u00fcr spannende Wander- und Mountainbike-Touren. Die Kanzelbahn ist auch zu diesen Jahreszeiten in Betrieb, so sind stets auch spontane Wandertouren m\u00f6glich. F\u00fcr diejenigen, die in ihrem Urlaub noch etwas Nervenkitzel brauchen, sind sogar Paragliding-Tandemspr\u00fcnge von der Gerlitzen m\u00f6glich, von wo aus man \u00fcber den Ossiacher See hinweg schweben und das fantastische Panorama genie\u00dfen kann.<\/p>\n\n\n\n<p id=\"block-2c8946bb-3423-4b53-9e23-e35c6a0c3d4d\">Zudem bietet der Ossiacher See M\u00f6glichkeiten f\u00fcr Wassersport aller Art \u2013 ob f\u00fcr Schwimmer, Windsurfer, Segler, Stand-Up-Paddler oder Ruderer. An verschiedenen Orten im fu\u00dfl\u00e4ufigen Umkreis k\u00f6nnen allerlei Wassersportger\u00e4te ausgeliehen werden. Diejenigen, denen ein See nicht genug ist, k\u00f6nnen auch auf die Seen im Umland ausweichen: der Millst\u00e4tter See und der W\u00f6rthersee sind beide nicht weiter als 30 Autominuten entfernt.<\/p>\n\n\n\n<p id=\"block-9212b823-3d47-45bd-8bff-4832fd5f3b86\">Auch die st\u00e4dtische Komponente fehlt hier nicht: die Stadt Villach ist als zweitgr\u00f6\u00dfte Stadt K\u00e4rntens mit ihrem angenehmen, unaufgeregten Flair nicht nur sehr attraktiv, sondern ist ebenfalls nur 10 Auto- bzw. Bahnminuten von Annenheim entfernt. Villach verf\u00fcgt \u00fcber verschiedene Kultur-, Unterhaltungs-, Einkaufs- und Gastronomieangebote, weshalb die Stadt auch zu mehr als nur einem Tagesausflug einl\u00e4dt. In der weiteren Umgebung sind zudem zahlreiche weitere Ausflugsziele wie z.B. die Landeshauptstadt Klagenfurt, die Burg Landskron mit Affenfelsen und Adlershow, die Villacher Hochalpenstra\u00dfe, der Aussichtsturm auf dem Pyramidenkogel ebenso wie Italien und Slowenien schnell erreichbar.<\/p>\n\n\n\n<p><strong>Weitere m\u00f6gliche Aktivit\u00e4ten im Sommer:<\/strong> Wandern und Radfahren auf dem Alpe-Adria-Trail; Segeln, SUP, Wasserski , Baden oder Schifffahrt auf dem Ossiacher See; Tennis; Paragliden von der Gerlitzen; Biker- Treffen; GTI- Treffen; Villacher Kirchtag; Musikfestspiele im Kloster Ossiach<\/p>\n\n\n\n<p>Noch mehr Ideen finden Sie in der Sommer- K\u00e4rnten- Card   <a href=\"http:\/\/www.kaerntencard.at\/sommer\/\">www.kaerntencard.at\/sommer\/<\/a><\/p>\n\n\n\n<p><\/p>\n\n\n\n<p><strong>Bei schlechtem Wetter:<\/strong> Therme in Warmbad Villach; Schaubergwerk Bad Bleiberg; Einkaufsbummel im Atrio Villach&#8230;<\/p>\n\n\n\n<p><strong>Unternehmungen mit Kindern:<\/strong>  Minimundus; Adlerarena und Affenberg auf der BurgLandskron; Kletterpark Ossiach; Tiergehege Rossegg u.v.m.<\/p>\n\n\n\n<p><\/p>\n","protected":false},"excerpt":{"rendered":"<p>Im Winter bietet das angrenzende Skigebiet auf der Gerlitzen beste M\u00f6glichkeiten f\u00fcr Skifahrer, Snowboarder, Rodler und Winterwanderer. 10 Gehminuten von der Ferienwohnung entfernt befindet sich die Talstation der Kanzelbahn, welche die Wintersportler innerhalb weniger Minuten auf die Gerlitzen (1.911 m) bef\u00f6rdert. In diesem Skigebiet kommen sowohl ge\u00fcbte Wintersportler als auch Anf\u00e4nger auf ihre Kosten, denn &hellip; <\/p>\n<p class=\"link-more\"><a href=\"https:\/\/bergensee.at\/?page_id=211\" class=\"more-link\"><span class=\"screen-reader-text\">\u201eAktivit\u00e4ten\u201c<\/span> weiterlesen<\/a><\/p>\n","protected":false},"author":2,"featured_media":0,"parent":0,"menu_order":0,"comment_status":"closed","ping_status":"closed","template":"","meta":{"ngg_post_thumbnail":0,"footnotes":""},"class_list":["post-211","page","type-page","status-publish","hentry"],"yoast_head":"<!-- This site is optimized with the Yoast SEO plugin v27.3 - https:\/\/yoast.com\/product\/yoast-seo-wordpress\/ -->\n<title>Aktivit\u00e4ten - Berg&rsquo;nSee - Annenheim - Austria<\/title>\n<meta name=\"robots\" content=\"index, follow, max-snippet:-1, max-image-preview:large, max-video-preview:-1\" \/>\n<link rel=\"canonical\" href=\"https:\/\/bergensee.at\/?page_id=211\" \/>\n<meta property=\"og:locale\" content=\"de_DE\" \/>\n<meta property=\"og:type\" content=\"article\" \/>\n<meta property=\"og:title\" content=\"Aktivit\u00e4ten - Berg&rsquo;nSee - Annenheim - Austria\" \/>\n<meta property=\"og:description\" content=\"Im Winter bietet das angrenzende Skigebiet auf der Gerlitzen beste M\u00f6glichkeiten f\u00fcr Skifahrer, Snowboarder, Rodler und Winterwanderer. 10 Gehminuten von der Ferienwohnung entfernt befindet sich die Talstation der Kanzelbahn, welche die Wintersportler innerhalb weniger Minuten auf die Gerlitzen (1.911 m) bef\u00f6rdert. In diesem Skigebiet kommen sowohl ge\u00fcbte Wintersportler als auch Anf\u00e4nger auf ihre Kosten, denn &hellip; \u201eAktivit\u00e4ten\u201c weiterlesen\" \/>\n<meta property=\"og:url\" content=\"https:\/\/bergensee.at\/?page_id=211\" \/>\n<meta property=\"og:site_name\" content=\"Berg&rsquo;nSee - Annenheim - Austria\" \/>\n<meta property=\"article:modified_time\" content=\"2021-03-07T10:32:56+00:00\" \/>\n<meta name=\"twitter:card\" content=\"summary_large_image\" \/>\n<meta name=\"twitter:label1\" content=\"Gesch\u00e4tzte Lesezeit\" \/>\n\t<meta name=\"twitter:data1\" content=\"2\u00a0Minuten\" \/>\n<script type=\"application\/ld+json\" class=\"yoast-schema-graph\">{\"@context\":\"https:\\\/\\\/schema.org\",\"@graph\":[{\"@type\":\"WebPage\",\"@id\":\"https:\\\/\\\/bergensee.at\\\/?page_id=211\",\"url\":\"https:\\\/\\\/bergensee.at\\\/?page_id=211\",\"name\":\"Aktivit\u00e4ten - Berg&rsquo;nSee - Annenheim - Austria\",\"isPartOf\":{\"@id\":\"https:\\\/\\\/bergensee.at\\\/#website\"},\"datePublished\":\"2021-02-08T19:06:50+00:00\",\"dateModified\":\"2021-03-07T10:32:56+00:00\",\"breadcrumb\":{\"@id\":\"https:\\\/\\\/bergensee.at\\\/?page_id=211#breadcrumb\"},\"inLanguage\":\"de\",\"potentialAction\":[{\"@type\":\"ReadAction\",\"target\":[\"https:\\\/\\\/bergensee.at\\\/?page_id=211\"]}]},{\"@type\":\"BreadcrumbList\",\"@id\":\"https:\\\/\\\/bergensee.at\\\/?page_id=211#breadcrumb\",\"itemListElement\":[{\"@type\":\"ListItem\",\"position\":1,\"name\":\"Home\",\"item\":\"https:\\\/\\\/bergensee.at\\\/\"},{\"@type\":\"ListItem\",\"position\":2,\"name\":\"Aktivit\u00e4ten\"}]},{\"@type\":\"WebSite\",\"@id\":\"https:\\\/\\\/bergensee.at\\\/#website\",\"url\":\"https:\\\/\\\/bergensee.at\\\/\",\"name\":\"Berg\u2019nSee - Annenheim - Austria\",\"description\":\"Panorama &uuml;ber die K&auml;rntner Berg- und Seenlandschaft\",\"potentialAction\":[{\"@type\":\"SearchAction\",\"target\":{\"@type\":\"EntryPoint\",\"urlTemplate\":\"https:\\\/\\\/bergensee.at\\\/?s={search_term_string}\"},\"query-input\":{\"@type\":\"PropertyValueSpecification\",\"valueRequired\":true,\"valueName\":\"search_term_string\"}}],\"inLanguage\":\"de\"}]}<\/script>\n<!-- \/ Yoast SEO plugin. -->","yoast_head_json":{"title":"Aktivit\u00e4ten - Berg&rsquo;nSee - Annenheim - Austria","robots":{"index":"index","follow":"follow","max-snippet":"max-snippet:-1","max-image-preview":"max-image-preview:large","max-video-preview":"max-video-preview:-1"},"canonical":"https:\/\/bergensee.at\/?page_id=211","og_locale":"de_DE","og_type":"article","og_title":"Aktivit\u00e4ten - Berg&rsquo;nSee - Annenheim - Austria","og_description":"Im Winter bietet das angrenzende Skigebiet auf der Gerlitzen beste M\u00f6glichkeiten f\u00fcr Skifahrer, Snowboarder, Rodler und Winterwanderer. 10 Gehminuten von der Ferienwohnung entfernt befindet sich die Talstation der Kanzelbahn, welche die Wintersportler innerhalb weniger Minuten auf die Gerlitzen (1.911 m) bef\u00f6rdert. In diesem Skigebiet kommen sowohl ge\u00fcbte Wintersportler als auch Anf\u00e4nger auf ihre Kosten, denn &hellip; \u201eAktivit\u00e4ten\u201c weiterlesen","og_url":"https:\/\/bergensee.at\/?page_id=211","og_site_name":"Berg&rsquo;nSee - Annenheim - Austria","article_modified_time":"2021-03-07T10:32:56+00:00","twitter_card":"summary_large_image","twitter_misc":{"Gesch\u00e4tzte Lesezeit":"2\u00a0Minuten"},"schema":{"@context":"https:\/\/schema.org","@graph":[{"@type":"WebPage","@id":"https:\/\/bergensee.at\/?page_id=211","url":"https:\/\/bergensee.at\/?page_id=211","name":"Aktivit\u00e4ten - Berg&rsquo;nSee - Annenheim - Austria","isPartOf":{"@id":"https:\/\/bergensee.at\/#website"},"datePublished":"2021-02-08T19:06:50+00:00","dateModified":"2021-03-07T10:32:56+00:00","breadcrumb":{"@id":"https:\/\/bergensee.at\/?page_id=211#breadcrumb"},"inLanguage":"de","potentialAction":[{"@type":"ReadAction","target":["https:\/\/bergensee.at\/?page_id=211"]}]},{"@type":"BreadcrumbList","@id":"https:\/\/bergensee.at\/?page_id=211#breadcrumb","itemListElement":[{"@type":"ListItem","position":1,"name":"Home","item":"https:\/\/bergensee.at\/"},{"@type":"ListItem","position":2,"name":"Aktivit\u00e4ten"}]},{"@type":"WebSite","@id":"https:\/\/bergensee.at\/#website","url":"https:\/\/bergensee.at\/","name":"Berg\u2019nSee - Annenheim - Austria","description":"Panorama &uuml;ber die K&auml;rntner Berg- und Seenlandschaft","potentialAction":[{"@type":"SearchAction","target":{"@type":"EntryPoint","urlTemplate":"https:\/\/bergensee.at\/?s={search_term_string}"},"query-input":{"@type":"PropertyValueSpecification","valueRequired":true,"valueName":"search_term_string"}}],"inLanguage":"de"}]}},"_links":{"self":[{"href":"https:\/\/bergensee.at\/index.php?rest_route=\/wp\/v2\/pages\/211","targetHints":{"allow":["GET"]}}],"collection":[{"href":"https:\/\/bergensee.at\/index.php?rest_route=\/wp\/v2\/pages"}],"about":[{"href":"https:\/\/bergensee.at\/index.php?rest_route=\/wp\/v2\/types\/page"}],"author":[{"embeddable":true,"href":"https:\/\/bergensee.at\/index.php?rest_route=\/wp\/v2\/users\/2"}],"replies":[{"embeddable":true,"href":"https:\/\/bergensee.at\/index.php?rest_route=%2Fwp%2Fv2%2Fcomments&post=211"}],"version-history":[{"count":6,"href":"https:\/\/bergensee.at\/index.php?rest_route=\/wp\/v2\/pages\/211\/revisions"}],"predecessor-version":[{"id":246,"href":"https:\/\/bergensee.at\/index.php?rest_route=\/wp\/v2\/pages\/211\/revisions\/246"}],"wp:attachment":[{"href":"https:\/\/bergensee.at\/index.php?rest_route=%2Fwp%2Fv2%2Fmedia&parent=211"}],"curies":[{"name":"wp","href":"https:\/\/api.w.org\/{rel}","templated":true}]}}