{"id":20,"date":"2021-01-13T19:48:56","date_gmt":"2021-01-13T19:48:56","guid":{"rendered":"https:\/\/bergensee.at\/?page_id=20"},"modified":"2021-03-07T10:34:38","modified_gmt":"2021-03-07T10:34:38","slug":"abschnitt-3","status":"publish","type":"page","link":"https:\/\/bergensee.at\/?page_id=20","title":{"rendered":"Anfahrt"},"content":{"rendered":"\n<p>Mit dem Auto erreichen Sie <em>Berg\u2019nSee<\/em> am besten \u00fcber den Verkehrsknotenpunkt Villach, in welchem sich die Autobahnen A2, A10 und A11 kreuzen. Ihr Auto k\u00f6nnen Sie gerne direkt am Haus parken.<\/p>\n\n\n\n<p>Per Bahn sind Sie \u00fcber den nur 10 Gehminuten entfernten Bahnhof Annenheim angebunden. Mit der Bahn erreichen Sie sowohl die Stadt Villach als auch andere umliegende Ausflugsziele wie den Affenberg auf der Burg Landskron oder die St\u00e4dte Velden und Klagenfurt am W\u00f6rthersee.<\/p>\n","protected":false},"excerpt":{"rendered":"<p>Mit dem Auto erreichen Sie Berg\u2019nSee am besten \u00fcber den Verkehrsknotenpunkt Villach, in welchem sich die Autobahnen A2, A10 und A11 kreuzen. Ihr Auto k\u00f6nnen Sie gerne direkt am Haus parken. Per Bahn sind Sie \u00fcber den nur 10 Gehminuten entfernten Bahnhof Annenheim angebunden. Mit der Bahn erreichen Sie sowohl die Stadt Villach als auch &hellip; <\/p>\n<p class=\"link-more\"><a href=\"https:\/\/bergensee.at\/?page_id=20\" class=\"more-link\"><span class=\"screen-reader-text\">\u201eAnfahrt\u201c<\/span> weiterlesen<\/a><\/p>\n","protected":false},"author":1,"featured_media":43,"parent":0,"menu_order":0,"comment_status":"closed","ping_status":"closed","template":"","meta":{"ngg_post_thumbnail":0,"footnotes":""},"class_list":["post-20","page","type-page","status-publish","has-post-thumbnail","hentry"],"yoast_head":"<!-- This site is optimized with the Yoast SEO plugin v27.3 - https:\/\/yoast.com\/product\/yoast-seo-wordpress\/ -->\n<title>Anfahrt - Berg&rsquo;nSee - Annenheim - Austria<\/title>\n<meta name=\"robots\" content=\"index, follow, max-snippet:-1, max-image-preview:large, max-video-preview:-1\" \/>\n<link rel=\"canonical\" href=\"https:\/\/bergensee.at\/?page_id=20\" \/>\n<meta property=\"og:locale\" content=\"de_DE\" \/>\n<meta property=\"og:type\" content=\"article\" \/>\n<meta property=\"og:title\" content=\"Anfahrt - Berg&rsquo;nSee - Annenheim - Austria\" \/>\n<meta property=\"og:description\" content=\"Mit dem Auto erreichen Sie Berg\u2019nSee am besten \u00fcber den Verkehrsknotenpunkt Villach, in welchem sich die Autobahnen A2, A10 und A11 kreuzen. Ihr Auto k\u00f6nnen Sie gerne direkt am Haus parken. Per Bahn sind Sie \u00fcber den nur 10 Gehminuten entfernten Bahnhof Annenheim angebunden. Mit der Bahn erreichen Sie sowohl die Stadt Villach als auch &hellip; \u201eAnfahrt\u201c weiterlesen\" \/>\n<meta property=\"og:url\" content=\"https:\/\/bergensee.at\/?page_id=20\" \/>\n<meta property=\"og:site_name\" content=\"Berg&rsquo;nSee - Annenheim - Austria\" \/>\n<meta property=\"article:modified_time\" content=\"2021-03-07T10:34:38+00:00\" \/>\n<meta property=\"og:image\" content=\"https:\/\/bergensee.at\/wp-content\/uploads\/2021\/01\/header3.jpg\" \/>\n\t<meta property=\"og:image:width\" content=\"2449\" \/>\n\t<meta property=\"og:image:height\" content=\"1632\" \/>\n\t<meta property=\"og:image:type\" content=\"image\/jpeg\" \/>\n<meta name=\"twitter:card\" content=\"summary_large_image\" \/>\n<meta name=\"twitter:label1\" content=\"Gesch\u00e4tzte Lesezeit\" \/>\n\t<meta name=\"twitter:data1\" content=\"1\u00a0Minute\" \/>\n<script type=\"application\/ld+json\" class=\"yoast-schema-graph\">{\"@context\":\"https:\\\/\\\/schema.org\",\"@graph\":[{\"@type\":\"WebPage\",\"@id\":\"https:\\\/\\\/bergensee.at\\\/?page_id=20\",\"url\":\"https:\\\/\\\/bergensee.at\\\/?page_id=20\",\"name\":\"Anfahrt - Berg&rsquo;nSee - Annenheim - Austria\",\"isPartOf\":{\"@id\":\"https:\\\/\\\/bergensee.at\\\/#website\"},\"primaryImageOfPage\":{\"@id\":\"https:\\\/\\\/bergensee.at\\\/?page_id=20#primaryimage\"},\"image\":{\"@id\":\"https:\\\/\\\/bergensee.at\\\/?page_id=20#primaryimage\"},\"thumbnailUrl\":\"https:\\\/\\\/bergensee.at\\\/wp-content\\\/uploads\\\/2021\\\/01\\\/header3.jpg\",\"datePublished\":\"2021-01-13T19:48:56+00:00\",\"dateModified\":\"2021-03-07T10:34:38+00:00\",\"breadcrumb\":{\"@id\":\"https:\\\/\\\/bergensee.at\\\/?page_id=20#breadcrumb\"},\"inLanguage\":\"de\",\"potentialAction\":[{\"@type\":\"ReadAction\",\"target\":[\"https:\\\/\\\/bergensee.at\\\/?page_id=20\"]}]},{\"@type\":\"ImageObject\",\"inLanguage\":\"de\",\"@id\":\"https:\\\/\\\/bergensee.at\\\/?page_id=20#primaryimage\",\"url\":\"https:\\\/\\\/bergensee.at\\\/wp-content\\\/uploads\\\/2021\\\/01\\\/header3.jpg\",\"contentUrl\":\"https:\\\/\\\/bergensee.at\\\/wp-content\\\/uploads\\\/2021\\\/01\\\/header3.jpg\",\"width\":2449,\"height\":1632,\"caption\":\"sdfsdf\"},{\"@type\":\"BreadcrumbList\",\"@id\":\"https:\\\/\\\/bergensee.at\\\/?page_id=20#breadcrumb\",\"itemListElement\":[{\"@type\":\"ListItem\",\"position\":1,\"name\":\"Home\",\"item\":\"https:\\\/\\\/bergensee.at\\\/\"},{\"@type\":\"ListItem\",\"position\":2,\"name\":\"Anfahrt\"}]},{\"@type\":\"WebSite\",\"@id\":\"https:\\\/\\\/bergensee.at\\\/#website\",\"url\":\"https:\\\/\\\/bergensee.at\\\/\",\"name\":\"Berg\u2019nSee - Annenheim - Austria\",\"description\":\"Panorama &uuml;ber die K&auml;rntner Berg- und Seenlandschaft\",\"potentialAction\":[{\"@type\":\"SearchAction\",\"target\":{\"@type\":\"EntryPoint\",\"urlTemplate\":\"https:\\\/\\\/bergensee.at\\\/?s={search_term_string}\"},\"query-input\":{\"@type\":\"PropertyValueSpecification\",\"valueRequired\":true,\"valueName\":\"search_term_string\"}}],\"inLanguage\":\"de\"}]}<\/script>\n<!-- \/ Yoast SEO plugin. -->","yoast_head_json":{"title":"Anfahrt - Berg&rsquo;nSee - Annenheim - Austria","robots":{"index":"index","follow":"follow","max-snippet":"max-snippet:-1","max-image-preview":"max-image-preview:large","max-video-preview":"max-video-preview:-1"},"canonical":"https:\/\/bergensee.at\/?page_id=20","og_locale":"de_DE","og_type":"article","og_title":"Anfahrt - Berg&rsquo;nSee - Annenheim - Austria","og_description":"Mit dem Auto erreichen Sie Berg\u2019nSee am besten \u00fcber den Verkehrsknotenpunkt Villach, in welchem sich die Autobahnen A2, A10 und A11 kreuzen. Ihr Auto k\u00f6nnen Sie gerne direkt am Haus parken. Per Bahn sind Sie \u00fcber den nur 10 Gehminuten entfernten Bahnhof Annenheim angebunden. Mit der Bahn erreichen Sie sowohl die Stadt Villach als auch &hellip; \u201eAnfahrt\u201c weiterlesen","og_url":"https:\/\/bergensee.at\/?page_id=20","og_site_name":"Berg&rsquo;nSee - Annenheim - Austria","article_modified_time":"2021-03-07T10:34:38+00:00","og_image":[{"width":2449,"height":1632,"url":"https:\/\/bergensee.at\/wp-content\/uploads\/2021\/01\/header3.jpg","type":"image\/jpeg"}],"twitter_card":"summary_large_image","twitter_misc":{"Gesch\u00e4tzte Lesezeit":"1\u00a0Minute"},"schema":{"@context":"https:\/\/schema.org","@graph":[{"@type":"WebPage","@id":"https:\/\/bergensee.at\/?page_id=20","url":"https:\/\/bergensee.at\/?page_id=20","name":"Anfahrt - Berg&rsquo;nSee - Annenheim - Austria","isPartOf":{"@id":"https:\/\/bergensee.at\/#website"},"primaryImageOfPage":{"@id":"https:\/\/bergensee.at\/?page_id=20#primaryimage"},"image":{"@id":"https:\/\/bergensee.at\/?page_id=20#primaryimage"},"thumbnailUrl":"https:\/\/bergensee.at\/wp-content\/uploads\/2021\/01\/header3.jpg","datePublished":"2021-01-13T19:48:56+00:00","dateModified":"2021-03-07T10:34:38+00:00","breadcrumb":{"@id":"https:\/\/bergensee.at\/?page_id=20#breadcrumb"},"inLanguage":"de","potentialAction":[{"@type":"ReadAction","target":["https:\/\/bergensee.at\/?page_id=20"]}]},{"@type":"ImageObject","inLanguage":"de","@id":"https:\/\/bergensee.at\/?page_id=20#primaryimage","url":"https:\/\/bergensee.at\/wp-content\/uploads\/2021\/01\/header3.jpg","contentUrl":"https:\/\/bergensee.at\/wp-content\/uploads\/2021\/01\/header3.jpg","width":2449,"height":1632,"caption":"sdfsdf"},{"@type":"BreadcrumbList","@id":"https:\/\/bergensee.at\/?page_id=20#breadcrumb","itemListElement":[{"@type":"ListItem","position":1,"name":"Home","item":"https:\/\/bergensee.at\/"},{"@type":"ListItem","position":2,"name":"Anfahrt"}]},{"@type":"WebSite","@id":"https:\/\/bergensee.at\/#website","url":"https:\/\/bergensee.at\/","name":"Berg\u2019nSee - Annenheim - Austria","description":"Panorama &uuml;ber die K&auml;rntner Berg- und Seenlandschaft","potentialAction":[{"@type":"SearchAction","target":{"@type":"EntryPoint","urlTemplate":"https:\/\/bergensee.at\/?s={search_term_string}"},"query-input":{"@type":"PropertyValueSpecification","valueRequired":true,"valueName":"search_term_string"}}],"inLanguage":"de"}]}},"_links":{"self":[{"href":"https:\/\/bergensee.at\/index.php?rest_route=\/wp\/v2\/pages\/20","targetHints":{"allow":["GET"]}}],"collection":[{"href":"https:\/\/bergensee.at\/index.php?rest_route=\/wp\/v2\/pages"}],"about":[{"href":"https:\/\/bergensee.at\/index.php?rest_route=\/wp\/v2\/types\/page"}],"author":[{"embeddable":true,"href":"https:\/\/bergensee.at\/index.php?rest_route=\/wp\/v2\/users\/1"}],"replies":[{"embeddable":true,"href":"https:\/\/bergensee.at\/index.php?rest_route=%2Fwp%2Fv2%2Fcomments&post=20"}],"version-history":[{"count":3,"href":"https:\/\/bergensee.at\/index.php?rest_route=\/wp\/v2\/pages\/20\/revisions"}],"predecessor-version":[{"id":248,"href":"https:\/\/bergensee.at\/index.php?rest_route=\/wp\/v2\/pages\/20\/revisions\/248"}],"wp:featuredmedia":[{"embeddable":true,"href":"https:\/\/bergensee.at\/index.php?rest_route=\/wp\/v2\/media\/43"}],"wp:attachment":[{"href":"https:\/\/bergensee.at\/index.php?rest_route=%2Fwp%2Fv2%2Fmedia&parent=20"}],"curies":[{"name":"wp","href":"https:\/\/api.w.org\/{rel}","templated":true}]}}