{"id":19,"date":"2021-01-13T19:48:56","date_gmt":"2021-01-13T19:48:56","guid":{"rendered":"https:\/\/bergensee.at\/?page_id=19"},"modified":"2021-03-07T10:14:55","modified_gmt":"2021-03-07T10:14:55","slug":"abschnitt-2","status":"publish","type":"page","link":"https:\/\/bergensee.at\/?page_id=19","title":{"rendered":"Umgebung"},"content":{"rendered":"\n<p>Die vielf\u00e4ltige Berg- und Seenlandschaft in K\u00e4rnten bietet dem Urlauber M\u00f6glichkeiten zur aktiven Erholung und zum Ausspannen- ganz nach den eigenen W\u00fcnschen vom idealen Urlaub. Vom Ferienhaus aus hat man einen unverbauten Blick auf den Ossiacher See, die Ossiacher Alpe, die Karawanken und die Julischen Alpen. Von Annenheim aus ist der Gipfel der Gerlitzen mit der Kanzelbahn schnell erreichbar- im Sommer und Winter ein beeindruckendes Erlebnis! Mit dem Schiff kann man von Annenheim aus zur Burg Landskron mit dem Affenfelsen oder zum Stift Ossiach fahren. Der bei Villach gelegene Dobratsch wartet mit einem Botanischen Garten und ausgebauten Wanderwegen auf.  Auch der ca.  20 min Autofahrt entfernte W\u00f6rthersee bietet mit seinen Wassersport-m\u00f6glichkeiten und dem Pyramidenkogel Abwechslung. Kulturelle Angebote kann man in Villach, rund um den Stift Ossiach und Klagenfurt wahrnehmen. Ideen hierzu liefert auch die K\u00e4rntencard, die ein umfassendes Verzeichnis als Grundlage zur individuellen Freizeitgestaltung bietet.  Wer vom Ferienhaus aus die weitere Umgebung erkunden m\u00f6chte, kann auch in die Berge Sloweniens oder auf einen Cappuccino nach Italien reisen- die M\u00f6glichkeiten sind unbegrenzt!<\/p>\n\n\n\n<p><\/p>\n","protected":false},"excerpt":{"rendered":"<p>Die vielf\u00e4ltige Berg- und Seenlandschaft in K\u00e4rnten bietet dem Urlauber M\u00f6glichkeiten zur aktiven Erholung und zum Ausspannen- ganz nach den eigenen W\u00fcnschen vom idealen Urlaub. Vom Ferienhaus aus hat man einen unverbauten Blick auf den Ossiacher See, die Ossiacher Alpe, die Karawanken und die Julischen Alpen. Von Annenheim aus ist der Gipfel der Gerlitzen mit &hellip; <\/p>\n<p class=\"link-more\"><a href=\"https:\/\/bergensee.at\/?page_id=19\" class=\"more-link\"><span class=\"screen-reader-text\">\u201eUmgebung\u201c<\/span> weiterlesen<\/a><\/p>\n","protected":false},"author":1,"featured_media":204,"parent":0,"menu_order":0,"comment_status":"closed","ping_status":"closed","template":"","meta":{"ngg_post_thumbnail":0,"footnotes":""},"class_list":["post-19","page","type-page","status-publish","has-post-thumbnail","hentry"],"yoast_head":"<!-- This site is optimized with the Yoast SEO plugin v27.3 - https:\/\/yoast.com\/product\/yoast-seo-wordpress\/ -->\n<title>Umgebung - Berg&rsquo;nSee - Annenheim - Austria<\/title>\n<meta name=\"robots\" content=\"index, follow, max-snippet:-1, max-image-preview:large, max-video-preview:-1\" \/>\n<link rel=\"canonical\" href=\"https:\/\/bergensee.at\/?page_id=19\" \/>\n<meta property=\"og:locale\" content=\"de_DE\" \/>\n<meta property=\"og:type\" content=\"article\" \/>\n<meta property=\"og:title\" content=\"Umgebung - Berg&rsquo;nSee - Annenheim - Austria\" \/>\n<meta property=\"og:description\" content=\"Die vielf\u00e4ltige Berg- und Seenlandschaft in K\u00e4rnten bietet dem Urlauber M\u00f6glichkeiten zur aktiven Erholung und zum Ausspannen- ganz nach den eigenen W\u00fcnschen vom idealen Urlaub. Vom Ferienhaus aus hat man einen unverbauten Blick auf den Ossiacher See, die Ossiacher Alpe, die Karawanken und die Julischen Alpen. Von Annenheim aus ist der Gipfel der Gerlitzen mit &hellip; \u201eUmgebung\u201c weiterlesen\" \/>\n<meta property=\"og:url\" content=\"https:\/\/bergensee.at\/?page_id=19\" \/>\n<meta property=\"og:site_name\" content=\"Berg&rsquo;nSee - Annenheim - Austria\" \/>\n<meta property=\"article:modified_time\" content=\"2021-03-07T10:14:55+00:00\" \/>\n<meta property=\"og:image\" content=\"https:\/\/bergensee.at\/wp-content\/uploads\/2021\/02\/umgebunglr.jpg\" \/>\n\t<meta property=\"og:image:width\" content=\"1920\" \/>\n\t<meta property=\"og:image:height\" content=\"1080\" \/>\n\t<meta property=\"og:image:type\" content=\"image\/jpeg\" \/>\n<meta name=\"twitter:card\" content=\"summary_large_image\" \/>\n<meta name=\"twitter:label1\" content=\"Gesch\u00e4tzte Lesezeit\" \/>\n\t<meta name=\"twitter:data1\" content=\"1\u00a0Minute\" \/>\n<script type=\"application\/ld+json\" class=\"yoast-schema-graph\">{\"@context\":\"https:\\\/\\\/schema.org\",\"@graph\":[{\"@type\":\"WebPage\",\"@id\":\"https:\\\/\\\/bergensee.at\\\/?page_id=19\",\"url\":\"https:\\\/\\\/bergensee.at\\\/?page_id=19\",\"name\":\"Umgebung - Berg&rsquo;nSee - Annenheim - Austria\",\"isPartOf\":{\"@id\":\"https:\\\/\\\/bergensee.at\\\/#website\"},\"primaryImageOfPage\":{\"@id\":\"https:\\\/\\\/bergensee.at\\\/?page_id=19#primaryimage\"},\"image\":{\"@id\":\"https:\\\/\\\/bergensee.at\\\/?page_id=19#primaryimage\"},\"thumbnailUrl\":\"https:\\\/\\\/bergensee.at\\\/wp-content\\\/uploads\\\/2021\\\/02\\\/umgebunglr.jpg\",\"datePublished\":\"2021-01-13T19:48:56+00:00\",\"dateModified\":\"2021-03-07T10:14:55+00:00\",\"breadcrumb\":{\"@id\":\"https:\\\/\\\/bergensee.at\\\/?page_id=19#breadcrumb\"},\"inLanguage\":\"de\",\"potentialAction\":[{\"@type\":\"ReadAction\",\"target\":[\"https:\\\/\\\/bergensee.at\\\/?page_id=19\"]}]},{\"@type\":\"ImageObject\",\"inLanguage\":\"de\",\"@id\":\"https:\\\/\\\/bergensee.at\\\/?page_id=19#primaryimage\",\"url\":\"https:\\\/\\\/bergensee.at\\\/wp-content\\\/uploads\\\/2021\\\/02\\\/umgebunglr.jpg\",\"contentUrl\":\"https:\\\/\\\/bergensee.at\\\/wp-content\\\/uploads\\\/2021\\\/02\\\/umgebunglr.jpg\",\"width\":1920,\"height\":1080},{\"@type\":\"BreadcrumbList\",\"@id\":\"https:\\\/\\\/bergensee.at\\\/?page_id=19#breadcrumb\",\"itemListElement\":[{\"@type\":\"ListItem\",\"position\":1,\"name\":\"Home\",\"item\":\"https:\\\/\\\/bergensee.at\\\/\"},{\"@type\":\"ListItem\",\"position\":2,\"name\":\"Umgebung\"}]},{\"@type\":\"WebSite\",\"@id\":\"https:\\\/\\\/bergensee.at\\\/#website\",\"url\":\"https:\\\/\\\/bergensee.at\\\/\",\"name\":\"Berg\u2019nSee - Annenheim - Austria\",\"description\":\"Panorama &uuml;ber die K&auml;rntner Berg- und Seenlandschaft\",\"potentialAction\":[{\"@type\":\"SearchAction\",\"target\":{\"@type\":\"EntryPoint\",\"urlTemplate\":\"https:\\\/\\\/bergensee.at\\\/?s={search_term_string}\"},\"query-input\":{\"@type\":\"PropertyValueSpecification\",\"valueRequired\":true,\"valueName\":\"search_term_string\"}}],\"inLanguage\":\"de\"}]}<\/script>\n<!-- \/ Yoast SEO plugin. -->","yoast_head_json":{"title":"Umgebung - Berg&rsquo;nSee - Annenheim - Austria","robots":{"index":"index","follow":"follow","max-snippet":"max-snippet:-1","max-image-preview":"max-image-preview:large","max-video-preview":"max-video-preview:-1"},"canonical":"https:\/\/bergensee.at\/?page_id=19","og_locale":"de_DE","og_type":"article","og_title":"Umgebung - Berg&rsquo;nSee - Annenheim - Austria","og_description":"Die vielf\u00e4ltige Berg- und Seenlandschaft in K\u00e4rnten bietet dem Urlauber M\u00f6glichkeiten zur aktiven Erholung und zum Ausspannen- ganz nach den eigenen W\u00fcnschen vom idealen Urlaub. Vom Ferienhaus aus hat man einen unverbauten Blick auf den Ossiacher See, die Ossiacher Alpe, die Karawanken und die Julischen Alpen. Von Annenheim aus ist der Gipfel der Gerlitzen mit &hellip; \u201eUmgebung\u201c weiterlesen","og_url":"https:\/\/bergensee.at\/?page_id=19","og_site_name":"Berg&rsquo;nSee - Annenheim - Austria","article_modified_time":"2021-03-07T10:14:55+00:00","og_image":[{"width":1920,"height":1080,"url":"https:\/\/bergensee.at\/wp-content\/uploads\/2021\/02\/umgebunglr.jpg","type":"image\/jpeg"}],"twitter_card":"summary_large_image","twitter_misc":{"Gesch\u00e4tzte Lesezeit":"1\u00a0Minute"},"schema":{"@context":"https:\/\/schema.org","@graph":[{"@type":"WebPage","@id":"https:\/\/bergensee.at\/?page_id=19","url":"https:\/\/bergensee.at\/?page_id=19","name":"Umgebung - Berg&rsquo;nSee - Annenheim - Austria","isPartOf":{"@id":"https:\/\/bergensee.at\/#website"},"primaryImageOfPage":{"@id":"https:\/\/bergensee.at\/?page_id=19#primaryimage"},"image":{"@id":"https:\/\/bergensee.at\/?page_id=19#primaryimage"},"thumbnailUrl":"https:\/\/bergensee.at\/wp-content\/uploads\/2021\/02\/umgebunglr.jpg","datePublished":"2021-01-13T19:48:56+00:00","dateModified":"2021-03-07T10:14:55+00:00","breadcrumb":{"@id":"https:\/\/bergensee.at\/?page_id=19#breadcrumb"},"inLanguage":"de","potentialAction":[{"@type":"ReadAction","target":["https:\/\/bergensee.at\/?page_id=19"]}]},{"@type":"ImageObject","inLanguage":"de","@id":"https:\/\/bergensee.at\/?page_id=19#primaryimage","url":"https:\/\/bergensee.at\/wp-content\/uploads\/2021\/02\/umgebunglr.jpg","contentUrl":"https:\/\/bergensee.at\/wp-content\/uploads\/2021\/02\/umgebunglr.jpg","width":1920,"height":1080},{"@type":"BreadcrumbList","@id":"https:\/\/bergensee.at\/?page_id=19#breadcrumb","itemListElement":[{"@type":"ListItem","position":1,"name":"Home","item":"https:\/\/bergensee.at\/"},{"@type":"ListItem","position":2,"name":"Umgebung"}]},{"@type":"WebSite","@id":"https:\/\/bergensee.at\/#website","url":"https:\/\/bergensee.at\/","name":"Berg\u2019nSee - Annenheim - Austria","description":"Panorama &uuml;ber die K&auml;rntner Berg- und Seenlandschaft","potentialAction":[{"@type":"SearchAction","target":{"@type":"EntryPoint","urlTemplate":"https:\/\/bergensee.at\/?s={search_term_string}"},"query-input":{"@type":"PropertyValueSpecification","valueRequired":true,"valueName":"search_term_string"}}],"inLanguage":"de"}]}},"_links":{"self":[{"href":"https:\/\/bergensee.at\/index.php?rest_route=\/wp\/v2\/pages\/19","targetHints":{"allow":["GET"]}}],"collection":[{"href":"https:\/\/bergensee.at\/index.php?rest_route=\/wp\/v2\/pages"}],"about":[{"href":"https:\/\/bergensee.at\/index.php?rest_route=\/wp\/v2\/types\/page"}],"author":[{"embeddable":true,"href":"https:\/\/bergensee.at\/index.php?rest_route=\/wp\/v2\/users\/1"}],"replies":[{"embeddable":true,"href":"https:\/\/bergensee.at\/index.php?rest_route=%2Fwp%2Fv2%2Fcomments&post=19"}],"version-history":[{"count":5,"href":"https:\/\/bergensee.at\/index.php?rest_route=\/wp\/v2\/pages\/19\/revisions"}],"predecessor-version":[{"id":242,"href":"https:\/\/bergensee.at\/index.php?rest_route=\/wp\/v2\/pages\/19\/revisions\/242"}],"wp:featuredmedia":[{"embeddable":true,"href":"https:\/\/bergensee.at\/index.php?rest_route=\/wp\/v2\/media\/204"}],"wp:attachment":[{"href":"https:\/\/bergensee.at\/index.php?rest_route=%2Fwp%2Fv2%2Fmedia&parent=19"}],"curies":[{"name":"wp","href":"https:\/\/api.w.org\/{rel}","templated":true}]}}