{"id":17,"date":"2021-01-13T19:48:56","date_gmt":"2021-01-13T19:48:56","guid":{"rendered":"https:\/\/bergensee.at\/?page_id=17"},"modified":"2025-01-02T13:40:17","modified_gmt":"2025-01-02T13:40:17","slug":"test","status":"publish","type":"page","link":"https:\/\/bergensee.at\/","title":{"rendered":"Home"},"content":{"rendered":"\n<p>Das attraktive Ferienhaus <em>Berg\u2019nSee<\/em> in Annenheim liegt ca. 100 Meter \u00fcber dem Ossiacher See und bietet ein gro\u00dfartiges Panorama \u00fcber die K\u00e4rntner Berg- und Seenlandschaft. Der Ort Annenheim ist nur ca. 7 Kilometer von der Stadt Villach entfernt und verf\u00fcgt \u00fcber viele Angebote f\u00fcr jede Jahreszeit. <em>Berg\u2019nSee<\/em> ist damit die ideale Unterkunft f\u00fcr Ihren Urlaub \u2013 ganz egal, ob bei warmen oder kalten Temperaturen.<\/p>\n\n\n\nngg_shortcode_0_placeholder\n","protected":false},"excerpt":{"rendered":"<p>Das attraktive Ferienhaus Berg\u2019nSee in Annenheim liegt ca. 100 Meter \u00fcber dem Ossiacher See und bietet ein gro\u00dfartiges Panorama \u00fcber die K\u00e4rntner Berg- und Seenlandschaft. Der Ort Annenheim ist nur ca. 7 Kilometer von der Stadt Villach entfernt und verf\u00fcgt \u00fcber viele Angebote f\u00fcr jede Jahreszeit. Berg\u2019nSee ist damit die ideale Unterkunft f\u00fcr Ihren Urlaub &hellip; <\/p>\n<p class=\"link-more\"><a href=\"https:\/\/bergensee.at\/\" class=\"more-link\"><span class=\"screen-reader-text\">\u201eHome\u201c<\/span> weiterlesen<\/a><\/p>\n","protected":false},"author":1,"featured_media":0,"parent":0,"menu_order":0,"comment_status":"closed","ping_status":"closed","template":"","meta":{"ngg_post_thumbnail":0,"footnotes":""},"class_list":["post-17","page","type-page","status-publish","hentry"],"yoast_head":"<!-- This site is optimized with the Yoast SEO plugin v27.3 - https:\/\/yoast.com\/product\/yoast-seo-wordpress\/ -->\n<title>Home - Berg&rsquo;nSee - Annenheim - Austria<\/title>\n<meta name=\"description\" content=\"Die attraktiven Ferienwohnungen von Berg\u2019n\u2019See in Annenheim liegen ____ Meter \u00fcber dem Ossiacher See und bieten ein gro\u00dfartiges Panorama \u00fcber die K\u00e4rntener Berglandschaft. Der Ort Annenheim ist nur ca. 8 Kilometer von der Stadt Villach entfernt und verf\u00fcgt \u00fcber viele Angebote f\u00fcr jede Jahreszeit. Berg\u2019n\u2018See ist damit die ideale Unterkunft f\u00fcr Ihren Urlaub \u2013 ganz egal, ob bei warmen oder kalten Temperaturen.\" \/>\n<meta name=\"robots\" content=\"index, follow, max-snippet:-1, max-image-preview:large, max-video-preview:-1\" \/>\n<link rel=\"canonical\" href=\"https:\/\/bergensee.at\/\" \/>\n<meta property=\"og:locale\" content=\"de_DE\" \/>\n<meta property=\"og:type\" content=\"article\" \/>\n<meta property=\"og:title\" content=\"Home - Berg&rsquo;nSee - Annenheim - Austria\" \/>\n<meta property=\"og:description\" content=\"Die attraktiven Ferienwohnungen von Berg\u2019n\u2019See in Annenheim liegen ____ Meter \u00fcber dem Ossiacher See und bieten ein gro\u00dfartiges Panorama \u00fcber die K\u00e4rntener Berglandschaft. Der Ort Annenheim ist nur ca. 8 Kilometer von der Stadt Villach entfernt und verf\u00fcgt \u00fcber viele Angebote f\u00fcr jede Jahreszeit. Berg\u2019n\u2018See ist damit die ideale Unterkunft f\u00fcr Ihren Urlaub \u2013 ganz egal, ob bei warmen oder kalten Temperaturen.\" \/>\n<meta property=\"og:url\" content=\"https:\/\/bergensee.at\/\" \/>\n<meta property=\"og:site_name\" content=\"Berg&rsquo;nSee - Annenheim - Austria\" \/>\n<meta property=\"article:modified_time\" content=\"2025-01-02T13:40:17+00:00\" \/>\n<meta name=\"twitter:card\" content=\"summary_large_image\" \/>\n<meta name=\"twitter:label1\" content=\"Gesch\u00e4tzte Lesezeit\" \/>\n\t<meta name=\"twitter:data1\" content=\"1\u00a0Minute\" \/>\n<script type=\"application\/ld+json\" class=\"yoast-schema-graph\">{\"@context\":\"https:\\\/\\\/schema.org\",\"@graph\":[{\"@type\":\"WebPage\",\"@id\":\"https:\\\/\\\/bergensee.at\\\/\",\"url\":\"https:\\\/\\\/bergensee.at\\\/\",\"name\":\"Home - Berg&rsquo;nSee - Annenheim - Austria\",\"isPartOf\":{\"@id\":\"https:\\\/\\\/bergensee.at\\\/#website\"},\"datePublished\":\"2021-01-13T19:48:56+00:00\",\"dateModified\":\"2025-01-02T13:40:17+00:00\",\"description\":\"Die attraktiven Ferienwohnungen von Berg\u2019n\u2019See in Annenheim liegen ____ Meter \u00fcber dem Ossiacher See und bieten ein gro\u00dfartiges Panorama \u00fcber die K\u00e4rntener Berglandschaft. Der Ort Annenheim ist nur ca. 8 Kilometer von der Stadt Villach entfernt und verf\u00fcgt \u00fcber viele Angebote f\u00fcr jede Jahreszeit. Berg\u2019n\u2018See ist damit die ideale Unterkunft f\u00fcr Ihren Urlaub \u2013 ganz egal, ob bei warmen oder kalten Temperaturen.\",\"breadcrumb\":{\"@id\":\"https:\\\/\\\/bergensee.at\\\/#breadcrumb\"},\"inLanguage\":\"de\",\"potentialAction\":[{\"@type\":\"ReadAction\",\"target\":[\"https:\\\/\\\/bergensee.at\\\/\"]}]},{\"@type\":\"BreadcrumbList\",\"@id\":\"https:\\\/\\\/bergensee.at\\\/#breadcrumb\",\"itemListElement\":[{\"@type\":\"ListItem\",\"position\":1,\"name\":\"Home\",\"item\":\"https:\\\/\\\/bergensee.at\\\/\"},{\"@type\":\"ListItem\",\"position\":2,\"name\":\"Home\"}]},{\"@type\":\"WebSite\",\"@id\":\"https:\\\/\\\/bergensee.at\\\/#website\",\"url\":\"https:\\\/\\\/bergensee.at\\\/\",\"name\":\"Berg\u2019nSee - Annenheim - Austria\",\"description\":\"Panorama &uuml;ber die K&auml;rntner Berg- und Seenlandschaft\",\"potentialAction\":[{\"@type\":\"SearchAction\",\"target\":{\"@type\":\"EntryPoint\",\"urlTemplate\":\"https:\\\/\\\/bergensee.at\\\/?s={search_term_string}\"},\"query-input\":{\"@type\":\"PropertyValueSpecification\",\"valueRequired\":true,\"valueName\":\"search_term_string\"}}],\"inLanguage\":\"de\"}]}<\/script>\n<!-- \/ Yoast SEO plugin. -->","yoast_head_json":{"title":"Home - Berg&rsquo;nSee - Annenheim - Austria","description":"Die attraktiven Ferienwohnungen von Berg\u2019n\u2019See in Annenheim liegen ____ Meter \u00fcber dem Ossiacher See und bieten ein gro\u00dfartiges Panorama \u00fcber die K\u00e4rntener Berglandschaft. Der Ort Annenheim ist nur ca. 8 Kilometer von der Stadt Villach entfernt und verf\u00fcgt \u00fcber viele Angebote f\u00fcr jede Jahreszeit. Berg\u2019n\u2018See ist damit die ideale Unterkunft f\u00fcr Ihren Urlaub \u2013 ganz egal, ob bei warmen oder kalten Temperaturen.","robots":{"index":"index","follow":"follow","max-snippet":"max-snippet:-1","max-image-preview":"max-image-preview:large","max-video-preview":"max-video-preview:-1"},"canonical":"https:\/\/bergensee.at\/","og_locale":"de_DE","og_type":"article","og_title":"Home - Berg&rsquo;nSee - Annenheim - Austria","og_description":"Die attraktiven Ferienwohnungen von Berg\u2019n\u2019See in Annenheim liegen ____ Meter \u00fcber dem Ossiacher See und bieten ein gro\u00dfartiges Panorama \u00fcber die K\u00e4rntener Berglandschaft. Der Ort Annenheim ist nur ca. 8 Kilometer von der Stadt Villach entfernt und verf\u00fcgt \u00fcber viele Angebote f\u00fcr jede Jahreszeit. Berg\u2019n\u2018See ist damit die ideale Unterkunft f\u00fcr Ihren Urlaub \u2013 ganz egal, ob bei warmen oder kalten Temperaturen.","og_url":"https:\/\/bergensee.at\/","og_site_name":"Berg&rsquo;nSee - Annenheim - Austria","article_modified_time":"2025-01-02T13:40:17+00:00","twitter_card":"summary_large_image","twitter_misc":{"Gesch\u00e4tzte Lesezeit":"1\u00a0Minute"},"schema":{"@context":"https:\/\/schema.org","@graph":[{"@type":"WebPage","@id":"https:\/\/bergensee.at\/","url":"https:\/\/bergensee.at\/","name":"Home - Berg&rsquo;nSee - Annenheim - Austria","isPartOf":{"@id":"https:\/\/bergensee.at\/#website"},"datePublished":"2021-01-13T19:48:56+00:00","dateModified":"2025-01-02T13:40:17+00:00","description":"Die attraktiven Ferienwohnungen von Berg\u2019n\u2019See in Annenheim liegen ____ Meter \u00fcber dem Ossiacher See und bieten ein gro\u00dfartiges Panorama \u00fcber die K\u00e4rntener Berglandschaft. Der Ort Annenheim ist nur ca. 8 Kilometer von der Stadt Villach entfernt und verf\u00fcgt \u00fcber viele Angebote f\u00fcr jede Jahreszeit. Berg\u2019n\u2018See ist damit die ideale Unterkunft f\u00fcr Ihren Urlaub \u2013 ganz egal, ob bei warmen oder kalten Temperaturen.","breadcrumb":{"@id":"https:\/\/bergensee.at\/#breadcrumb"},"inLanguage":"de","potentialAction":[{"@type":"ReadAction","target":["https:\/\/bergensee.at\/"]}]},{"@type":"BreadcrumbList","@id":"https:\/\/bergensee.at\/#breadcrumb","itemListElement":[{"@type":"ListItem","position":1,"name":"Home","item":"https:\/\/bergensee.at\/"},{"@type":"ListItem","position":2,"name":"Home"}]},{"@type":"WebSite","@id":"https:\/\/bergensee.at\/#website","url":"https:\/\/bergensee.at\/","name":"Berg\u2019nSee - Annenheim - Austria","description":"Panorama &uuml;ber die K&auml;rntner Berg- und Seenlandschaft","potentialAction":[{"@type":"SearchAction","target":{"@type":"EntryPoint","urlTemplate":"https:\/\/bergensee.at\/?s={search_term_string}"},"query-input":{"@type":"PropertyValueSpecification","valueRequired":true,"valueName":"search_term_string"}}],"inLanguage":"de"}]}},"_links":{"self":[{"href":"https:\/\/bergensee.at\/index.php?rest_route=\/wp\/v2\/pages\/17","targetHints":{"allow":["GET"]}}],"collection":[{"href":"https:\/\/bergensee.at\/index.php?rest_route=\/wp\/v2\/pages"}],"about":[{"href":"https:\/\/bergensee.at\/index.php?rest_route=\/wp\/v2\/types\/page"}],"author":[{"embeddable":true,"href":"https:\/\/bergensee.at\/index.php?rest_route=\/wp\/v2\/users\/1"}],"replies":[{"embeddable":true,"href":"https:\/\/bergensee.at\/index.php?rest_route=%2Fwp%2Fv2%2Fcomments&post=17"}],"version-history":[{"count":7,"href":"https:\/\/bergensee.at\/index.php?rest_route=\/wp\/v2\/pages\/17\/revisions"}],"predecessor-version":[{"id":240,"href":"https:\/\/bergensee.at\/index.php?rest_route=\/wp\/v2\/pages\/17\/revisions\/240"}],"wp:attachment":[{"href":"https:\/\/bergensee.at\/index.php?rest_route=%2Fwp%2Fv2%2Fmedia&parent=17"}],"curies":[{"name":"wp","href":"https:\/\/api.w.org\/{rel}","templated":true}]}}