{"id":102,"date":"2021-01-24T14:56:26","date_gmt":"2021-01-24T14:56:26","guid":{"rendered":"https:\/\/bergensee.at\/?page_id=102"},"modified":"2021-02-08T19:29:59","modified_gmt":"2021-02-08T19:29:59","slug":"ferienwohnung-bruno","status":"publish","type":"page","link":"https:\/\/bergensee.at\/?page_id=102","title":{"rendered":"Ferienwohnung Bruno"},"content":{"rendered":"\nngg_shortcode_0_placeholder\n\n\n\n<div class=\"wp-block-media-text alignwide is-stacked-on-mobile is-vertically-aligned-center\"><figure class=\"wp-block-media-text__media\"><img loading=\"lazy\" decoding=\"async\" width=\"1016\" height=\"1024\" src=\"https:\/\/bergensee.at\/wp-content\/uploads\/2021\/01\/BRUNOGRUNDRISS-1016x1024.jpg\" alt=\"\" class=\"wp-image-167 size-full\" srcset=\"https:\/\/bergensee.at\/wp-content\/uploads\/2021\/01\/BRUNOGRUNDRISS-1016x1024.jpg 1016w, https:\/\/bergensee.at\/wp-content\/uploads\/2021\/01\/BRUNOGRUNDRISS-298x300.jpg 298w, https:\/\/bergensee.at\/wp-content\/uploads\/2021\/01\/BRUNOGRUNDRISS-150x150.jpg 150w, https:\/\/bergensee.at\/wp-content\/uploads\/2021\/01\/BRUNOGRUNDRISS-768x774.jpg 768w, https:\/\/bergensee.at\/wp-content\/uploads\/2021\/01\/BRUNOGRUNDRISS-100x100.jpg 100w, https:\/\/bergensee.at\/wp-content\/uploads\/2021\/01\/BRUNOGRUNDRISS.jpg 1368w\" sizes=\"auto, (max-width: 767px) 89vw, (max-width: 1000px) 54vw, (max-width: 1071px) 543px, 580px\" \/><\/figure><div class=\"wp-block-media-text__content\">\n<p>Ferienwohnung <strong>Bruno <\/strong>bietet Platz f\u00fcr 6-8 Personen und verf\u00fcgt \u00fcber ein ger\u00e4umiges Wohnzimmer mit K\u00fcche, drei Schlafzimmer (zwei Zimmer mit Doppelbett, ein Zimmer mit Einzelbetten) sowie zwei B\u00e4dern. Im Wohnzimmer kann das Schlafsofa zus\u00e4tzlich als Aufbettung genutzt werden.\u00a0Der gro\u00dfz\u00fcgige Balkon kann sowohl zum gemeinsamen Essen als auch einfach zum Entspannen genutzt werden. Auch diese Ferienwohnung ist ausgestattet mit kostenlosem WLAN und TV sowie vollst\u00e4ndiger K\u00fccheneinrichtung.<\/p>\n<\/div><\/div>\n\n\n\n<p>Weiterhin bietet die im Haus befindliche Sauna die perfekte M\u00f6glichkeit, sich von anstrengenden Wandertouren oder Skitagen zu erholen. Die Sauna kann von den G\u00e4sten gegen Geb\u00fchr genutzt werden.<\/p>\n","protected":false},"excerpt":{"rendered":"<p>Ferienwohnung Bruno bietet Platz f\u00fcr 6-8 Personen und verf\u00fcgt \u00fcber ein ger\u00e4umiges Wohnzimmer mit K\u00fcche, drei Schlafzimmer (zwei Zimmer mit Doppelbett, ein Zimmer mit Einzelbetten) sowie zwei B\u00e4dern. Im Wohnzimmer kann das Schlafsofa zus\u00e4tzlich als Aufbettung genutzt werden.\u00a0Der gro\u00dfz\u00fcgige Balkon kann sowohl zum gemeinsamen Essen als auch einfach zum Entspannen genutzt werden. Auch diese Ferienwohnung &hellip; <\/p>\n<p class=\"link-more\"><a href=\"https:\/\/bergensee.at\/?page_id=102\" class=\"more-link\"><span class=\"screen-reader-text\">\u201eFerienwohnung Bruno\u201c<\/span> weiterlesen<\/a><\/p>\n","protected":false},"author":1,"featured_media":0,"parent":0,"menu_order":0,"comment_status":"closed","ping_status":"closed","template":"","meta":{"ngg_post_thumbnail":0,"footnotes":""},"class_list":["post-102","page","type-page","status-publish","hentry"],"yoast_head":"<!-- This site is optimized with the Yoast SEO plugin v27.3 - https:\/\/yoast.com\/product\/yoast-seo-wordpress\/ -->\n<title>Ferienwohnung Bruno - Berg&rsquo;nSee - Annenheim - Austria<\/title>\n<meta name=\"robots\" content=\"index, follow, max-snippet:-1, max-image-preview:large, max-video-preview:-1\" \/>\n<link rel=\"canonical\" href=\"https:\/\/bergensee.at\/?page_id=102\" \/>\n<meta property=\"og:locale\" content=\"de_DE\" \/>\n<meta property=\"og:type\" content=\"article\" \/>\n<meta property=\"og:title\" content=\"Ferienwohnung Bruno - Berg&rsquo;nSee - Annenheim - Austria\" \/>\n<meta property=\"og:description\" content=\"Ferienwohnung Bruno bietet Platz f\u00fcr 6-8 Personen und verf\u00fcgt \u00fcber ein ger\u00e4umiges Wohnzimmer mit K\u00fcche, drei Schlafzimmer (zwei Zimmer mit Doppelbett, ein Zimmer mit Einzelbetten) sowie zwei B\u00e4dern. Im Wohnzimmer kann das Schlafsofa zus\u00e4tzlich als Aufbettung genutzt werden.\u00a0Der gro\u00dfz\u00fcgige Balkon kann sowohl zum gemeinsamen Essen als auch einfach zum Entspannen genutzt werden. Auch diese Ferienwohnung &hellip; \u201eFerienwohnung Bruno\u201c weiterlesen\" \/>\n<meta property=\"og:url\" content=\"https:\/\/bergensee.at\/?page_id=102\" \/>\n<meta property=\"og:site_name\" content=\"Berg&rsquo;nSee - Annenheim - Austria\" \/>\n<meta property=\"article:modified_time\" content=\"2021-02-08T19:29:59+00:00\" \/>\n<meta property=\"og:image\" content=\"https:\/\/bergensee.at\/wp-content\/uploads\/2021\/01\/BRUNOGRUNDRISS-1016x1024.jpg\" \/>\n<meta name=\"twitter:card\" content=\"summary_large_image\" \/>\n<meta name=\"twitter:label1\" content=\"Gesch\u00e4tzte Lesezeit\" \/>\n\t<meta name=\"twitter:data1\" content=\"1\u00a0Minute\" \/>\n<script type=\"application\/ld+json\" class=\"yoast-schema-graph\">{\"@context\":\"https:\\\/\\\/schema.org\",\"@graph\":[{\"@type\":\"WebPage\",\"@id\":\"https:\\\/\\\/bergensee.at\\\/?page_id=102\",\"url\":\"https:\\\/\\\/bergensee.at\\\/?page_id=102\",\"name\":\"Ferienwohnung Bruno - Berg&rsquo;nSee - Annenheim - Austria\",\"isPartOf\":{\"@id\":\"https:\\\/\\\/bergensee.at\\\/#website\"},\"primaryImageOfPage\":{\"@id\":\"https:\\\/\\\/bergensee.at\\\/?page_id=102#primaryimage\"},\"image\":{\"@id\":\"https:\\\/\\\/bergensee.at\\\/?page_id=102#primaryimage\"},\"thumbnailUrl\":\"https:\\\/\\\/bergensee.at\\\/wp-content\\\/uploads\\\/2021\\\/01\\\/BRUNOGRUNDRISS-1016x1024.jpg\",\"datePublished\":\"2021-01-24T14:56:26+00:00\",\"dateModified\":\"2021-02-08T19:29:59+00:00\",\"breadcrumb\":{\"@id\":\"https:\\\/\\\/bergensee.at\\\/?page_id=102#breadcrumb\"},\"inLanguage\":\"de\",\"potentialAction\":[{\"@type\":\"ReadAction\",\"target\":[\"https:\\\/\\\/bergensee.at\\\/?page_id=102\"]}]},{\"@type\":\"ImageObject\",\"inLanguage\":\"de\",\"@id\":\"https:\\\/\\\/bergensee.at\\\/?page_id=102#primaryimage\",\"url\":\"https:\\\/\\\/bergensee.at\\\/wp-content\\\/uploads\\\/2021\\\/01\\\/BRUNOGRUNDRISS.jpg\",\"contentUrl\":\"https:\\\/\\\/bergensee.at\\\/wp-content\\\/uploads\\\/2021\\\/01\\\/BRUNOGRUNDRISS.jpg\",\"width\":1368,\"height\":1379},{\"@type\":\"BreadcrumbList\",\"@id\":\"https:\\\/\\\/bergensee.at\\\/?page_id=102#breadcrumb\",\"itemListElement\":[{\"@type\":\"ListItem\",\"position\":1,\"name\":\"Home\",\"item\":\"https:\\\/\\\/bergensee.at\\\/\"},{\"@type\":\"ListItem\",\"position\":2,\"name\":\"Ferienwohnung Bruno\"}]},{\"@type\":\"WebSite\",\"@id\":\"https:\\\/\\\/bergensee.at\\\/#website\",\"url\":\"https:\\\/\\\/bergensee.at\\\/\",\"name\":\"Berg\u2019nSee - Annenheim - Austria\",\"description\":\"Panorama &uuml;ber die K&auml;rntner Berg- und Seenlandschaft\",\"potentialAction\":[{\"@type\":\"SearchAction\",\"target\":{\"@type\":\"EntryPoint\",\"urlTemplate\":\"https:\\\/\\\/bergensee.at\\\/?s={search_term_string}\"},\"query-input\":{\"@type\":\"PropertyValueSpecification\",\"valueRequired\":true,\"valueName\":\"search_term_string\"}}],\"inLanguage\":\"de\"}]}<\/script>\n<!-- \/ Yoast SEO plugin. -->","yoast_head_json":{"title":"Ferienwohnung Bruno - Berg&rsquo;nSee - Annenheim - Austria","robots":{"index":"index","follow":"follow","max-snippet":"max-snippet:-1","max-image-preview":"max-image-preview:large","max-video-preview":"max-video-preview:-1"},"canonical":"https:\/\/bergensee.at\/?page_id=102","og_locale":"de_DE","og_type":"article","og_title":"Ferienwohnung Bruno - Berg&rsquo;nSee - Annenheim - Austria","og_description":"Ferienwohnung Bruno bietet Platz f\u00fcr 6-8 Personen und verf\u00fcgt \u00fcber ein ger\u00e4umiges Wohnzimmer mit K\u00fcche, drei Schlafzimmer (zwei Zimmer mit Doppelbett, ein Zimmer mit Einzelbetten) sowie zwei B\u00e4dern. Im Wohnzimmer kann das Schlafsofa zus\u00e4tzlich als Aufbettung genutzt werden.\u00a0Der gro\u00dfz\u00fcgige Balkon kann sowohl zum gemeinsamen Essen als auch einfach zum Entspannen genutzt werden. Auch diese Ferienwohnung &hellip; \u201eFerienwohnung Bruno\u201c weiterlesen","og_url":"https:\/\/bergensee.at\/?page_id=102","og_site_name":"Berg&rsquo;nSee - Annenheim - Austria","article_modified_time":"2021-02-08T19:29:59+00:00","og_image":[{"url":"https:\/\/bergensee.at\/wp-content\/uploads\/2021\/01\/BRUNOGRUNDRISS-1016x1024.jpg","type":"","width":"","height":""}],"twitter_card":"summary_large_image","twitter_misc":{"Gesch\u00e4tzte Lesezeit":"1\u00a0Minute"},"schema":{"@context":"https:\/\/schema.org","@graph":[{"@type":"WebPage","@id":"https:\/\/bergensee.at\/?page_id=102","url":"https:\/\/bergensee.at\/?page_id=102","name":"Ferienwohnung Bruno - Berg&rsquo;nSee - Annenheim - Austria","isPartOf":{"@id":"https:\/\/bergensee.at\/#website"},"primaryImageOfPage":{"@id":"https:\/\/bergensee.at\/?page_id=102#primaryimage"},"image":{"@id":"https:\/\/bergensee.at\/?page_id=102#primaryimage"},"thumbnailUrl":"https:\/\/bergensee.at\/wp-content\/uploads\/2021\/01\/BRUNOGRUNDRISS-1016x1024.jpg","datePublished":"2021-01-24T14:56:26+00:00","dateModified":"2021-02-08T19:29:59+00:00","breadcrumb":{"@id":"https:\/\/bergensee.at\/?page_id=102#breadcrumb"},"inLanguage":"de","potentialAction":[{"@type":"ReadAction","target":["https:\/\/bergensee.at\/?page_id=102"]}]},{"@type":"ImageObject","inLanguage":"de","@id":"https:\/\/bergensee.at\/?page_id=102#primaryimage","url":"https:\/\/bergensee.at\/wp-content\/uploads\/2021\/01\/BRUNOGRUNDRISS.jpg","contentUrl":"https:\/\/bergensee.at\/wp-content\/uploads\/2021\/01\/BRUNOGRUNDRISS.jpg","width":1368,"height":1379},{"@type":"BreadcrumbList","@id":"https:\/\/bergensee.at\/?page_id=102#breadcrumb","itemListElement":[{"@type":"ListItem","position":1,"name":"Home","item":"https:\/\/bergensee.at\/"},{"@type":"ListItem","position":2,"name":"Ferienwohnung Bruno"}]},{"@type":"WebSite","@id":"https:\/\/bergensee.at\/#website","url":"https:\/\/bergensee.at\/","name":"Berg\u2019nSee - Annenheim - Austria","description":"Panorama &uuml;ber die K&auml;rntner Berg- und Seenlandschaft","potentialAction":[{"@type":"SearchAction","target":{"@type":"EntryPoint","urlTemplate":"https:\/\/bergensee.at\/?s={search_term_string}"},"query-input":{"@type":"PropertyValueSpecification","valueRequired":true,"valueName":"search_term_string"}}],"inLanguage":"de"}]}},"_links":{"self":[{"href":"https:\/\/bergensee.at\/index.php?rest_route=\/wp\/v2\/pages\/102","targetHints":{"allow":["GET"]}}],"collection":[{"href":"https:\/\/bergensee.at\/index.php?rest_route=\/wp\/v2\/pages"}],"about":[{"href":"https:\/\/bergensee.at\/index.php?rest_route=\/wp\/v2\/types\/page"}],"author":[{"embeddable":true,"href":"https:\/\/bergensee.at\/index.php?rest_route=\/wp\/v2\/users\/1"}],"replies":[{"embeddable":true,"href":"https:\/\/bergensee.at\/index.php?rest_route=%2Fwp%2Fv2%2Fcomments&post=102"}],"version-history":[{"count":9,"href":"https:\/\/bergensee.at\/index.php?rest_route=\/wp\/v2\/pages\/102\/revisions"}],"predecessor-version":[{"id":218,"href":"https:\/\/bergensee.at\/index.php?rest_route=\/wp\/v2\/pages\/102\/revisions\/218"}],"wp:attachment":[{"href":"https:\/\/bergensee.at\/index.php?rest_route=%2Fwp%2Fv2%2Fmedia&parent=102"}],"curies":[{"name":"wp","href":"https:\/\/api.w.org\/{rel}","templated":true}]}}